{"id":70,"date":"2022-12-26T15:24:47","date_gmt":"2022-12-26T07:24:47","guid":{"rendered":"http:\/\/dev.bonss.com.cn\/?page_id=70"},"modified":"2024-06-11T16:34:16","modified_gmt":"2024-06-11T08:34:16","slug":"about","status":"publish","type":"page","link":"https:\/\/es.bonss.com.cn\/index.php\/about\/","title":{"rendered":"About BONSS"},"content":{"rendered":"\n<div class=\"wp-block-media-text alignwide has-media-on-the-right is-stacked-on-mobile is-vertically-aligned-center has-background\" style=\"background-color:#ffffff00\"><div class=\"wp-block-media-text__content\">\n<div class=\"wp-block-group is-layout-flow\" style=\"padding-top:2em;padding-right:2em;padding-bottom:2em;padding-left:2em;font-size:16px\"><div class=\"wp-block-group__inner-container\">\n<p style=\"font-size:36px;line-height:1.2\"><strong><u>PERFIL de BONSS<\/u><\/strong><\/p>\n\n\n\n<p style=\"font-size:16px\">BONSS es una empresa tecnol\u00f3gica especializada en I+D, fabricaci\u00f3n y promoci\u00f3n tecnol\u00f3gica de dispositivos m\u00e9dicos m\u00ednimamente invasivos de alta tecnolog\u00eda.<\/p>\n\n\n\n<p>BONSS tiene su sede en China Medical City, Taizhou, en el delta del r\u00edo Yangts\u00e9, y un centro de I+D en Chengdu, una de las 10 principales capitales cient\u00edficas y tecnol\u00f3gicas de China.<\/p>\n\n\n\n<p style=\"font-size:16px\">El equipo de I+D de BONSS se dedica al dise\u00f1o de productos m\u00ednimamente invasivos desde 2007, y ha establecido un proyecto de cooperaci\u00f3n industria-universidad-investigaci\u00f3n con el laboratorio de plasma de la Universidad de Ciencia y Tecnolog\u00eda de Huazhong.<\/p>\n<\/div><\/div>\n<\/div><figure class=\"wp-block-media-text__media\"><img decoding=\"async\" loading=\"lazy\" width=\"550\" height=\"420\" src=\"http:\/\/dev.bonss.com.cn\/wp-content\/uploads\/2023\/01\/\u4e86\u89e3\u90a6\u58eb-1.jpg\" alt=\"\" class=\"wp-image-293 size-full\" srcset=\"https:\/\/es.bonss.com.cn\/wp-content\/uploads\/2023\/01\/\u4e86\u89e3\u90a6\u58eb-1.jpg 550w, https:\/\/es.bonss.com.cn\/wp-content\/uploads\/2023\/01\/\u4e86\u89e3\u90a6\u58eb-1-300x229.jpg 300w\" sizes=\"(max-width: 550px) 100vw, 550px\" \/><\/figure><\/div>\n\n\n\n<div class=\"wp-block-media-text alignwide is-stacked-on-mobile is-vertically-aligned-center has-background\" style=\"background-color:#fffdeb00\"><figure class=\"wp-block-media-text__media\"><img decoding=\"async\" loading=\"lazy\" width=\"550\" height=\"420\" src=\"http:\/\/dev.bonss.com.cn\/wp-content\/uploads\/2023\/01\/\u4e86\u89e3\u90a6\u58eb-2.jpg\" alt=\"\" class=\"wp-image-294 size-full\" srcset=\"https:\/\/es.bonss.com.cn\/wp-content\/uploads\/2023\/01\/\u4e86\u89e3\u90a6\u58eb-2.jpg 550w, https:\/\/es.bonss.com.cn\/wp-content\/uploads\/2023\/01\/\u4e86\u89e3\u90a6\u58eb-2-300x229.jpg 300w\" sizes=\"(max-width: 550px) 100vw, 550px\" \/><\/figure><div class=\"wp-block-media-text__content\">\n<div class=\"wp-block-group is-layout-flow\" style=\"padding-top:2em;padding-right:2em;padding-bottom:2em;padding-left:2em\"><div class=\"wp-block-group__inner-container\">\n<p style=\"font-size:36px;line-height:1.2\"><strong><strong><strong><u><strong>CULTURA de BONSS<\/strong><\/u><\/strong><\/strong><\/strong><\/p>\n\n\n\n<p>Nos adherimos a la visi\u00f3n<strong>&nbsp;\u00abNuestra tecnolog\u00eda, su salud<\/strong><strong><\/strong><\/p>\n\n\n\n<p><strong>Para Convertirnos en una de las empresas l\u00edderes mundiales en tecnolog\u00eda m\u00e9dica m\u00ednimamente invasiva&#8221;<\/strong><\/p>\n\n\n\n<p>la misi\u00f3n<strong>&nbsp;\u00abProporcionar siempre a los m\u00e9dicos tecnolog\u00eda m\u00e9dica avanzada\u00bb<\/strong><strong><\/strong><\/p>\n\n\n\n<p><strong>\u00abTecnolog\u00eda avanzada, calidad distinguida, servicio excelente\u00bb<\/strong><\/p>\n\n\n\n<p>el objetivo de la marca <strong>\u00abBONSS de China y del mundo\u00bb<\/strong>.<\/p>\n\n\n\n<p>Abogamos por<\/p>\n\n\n\n<p>el esp\u00edritu<strong>&nbsp;\u00abDiligencia y Eficacia, Combinaci\u00f3n y Cooperaci\u00f3n, Emprendedor y Prometedor\u00bb<\/strong><strong><\/strong><\/p>\n\n\n\n<p>los valores fundamentales<strong>&nbsp;\u00abMantener la palabra, Forjar el futuro y Crecer juntos\u00bb<\/strong><\/p>\n<\/div><\/div>\n<\/div><\/div>\n\n\n\n<div class=\"wp-block-media-text alignwide has-media-on-the-right is-stacked-on-mobile is-vertically-aligned-center has-background\" style=\"background-color:#ffffff00\"><div class=\"wp-block-media-text__content\">\n<div class=\"wp-block-group is-layout-flow\" style=\"padding-top:2em;padding-right:2em;padding-bottom:2em;padding-left:2em\"><div class=\"wp-block-group__inner-container\">\n<p style=\"font-size:36px;line-height:1.2\"><strong><u><strong>LOGROS de\u00a0BONSS<\/strong><\/u><\/strong><\/p>\n\n\n\n<p>BONSS ha obtenido numerosas cualificaciones y t\u00edtulos, tales como<\/p>\n\n\n\n<p><strong>Nacional Especializada y Sofisticada<\/strong><strong>&nbsp;<\/strong><strong>PYME,<\/strong><strong><\/strong><\/p>\n\n\n\n<p><strong>Empresa Destacada del Concurso de Innovaci\u00f3n y Emprendimiento<\/strong><strong>&nbsp;<\/strong><strong>Concurso,<\/strong><strong><\/strong><\/p>\n\n\n\n<p><strong>Empresa Gacela de la provincia de Jiangsu,<\/strong><strong><\/strong><\/p>\n\n\n\n<p><strong>Empresas privadas de ciencia y tecnolog\u00eda de la<\/strong><strong>&nbsp;<\/strong><strong>Provincia de Jiangsu,<\/strong><strong><\/strong><\/p>\n\n\n\n<p><strong>Empresa de Proyectos Clave de I+D de Jiangsu,<\/strong><strong><\/strong><\/p>\n\n\n\n<p><strong>Centro de Investigaci\u00f3n de Ingenier\u00eda Provincial y Municipal sobre Plasma M\u00ednimamente<\/strong><strong>&nbsp;<\/strong><strong>invasivo<\/strong><strong><\/strong><\/p>\n\n\n\n<p>Mientras tanto, BONSS ha desarrollado una cooperaci\u00f3n de investigaci\u00f3n cient\u00edfica conjunta con muchas universidades y hospitales famosos de China.<\/p>\n<\/div><\/div>\n<\/div><figure class=\"wp-block-media-text__media\"><img decoding=\"async\" loading=\"lazy\" width=\"550\" height=\"420\" src=\"http:\/\/dev.bonss.com.cn\/wp-content\/uploads\/2023\/01\/\u4e86\u89e3\u90a6\u58eb-3.jpg\" alt=\"\" class=\"wp-image-295 size-full\" srcset=\"https:\/\/es.bonss.com.cn\/wp-content\/uploads\/2023\/01\/\u4e86\u89e3\u90a6\u58eb-3.jpg 550w, https:\/\/es.bonss.com.cn\/wp-content\/uploads\/2023\/01\/\u4e86\u89e3\u90a6\u58eb-3-300x229.jpg 300w\" sizes=\"(max-width: 550px) 100vw, 550px\" \/><\/figure><\/div>\n\n\n\n<div class=\"wp-block-media-text alignwide is-stacked-on-mobile is-vertically-aligned-center has-background\" style=\"background-color:#fffdeb00\"><figure class=\"wp-block-media-text__media\"><img decoding=\"async\" loading=\"lazy\" width=\"550\" height=\"420\" src=\"http:\/\/dev.bonss.com.cn\/wp-content\/uploads\/2023\/01\/\u4e86\u89e3\u90a6\u58eb-4.jpg\" alt=\"\" class=\"wp-image-296 size-full\" srcset=\"https:\/\/es.bonss.com.cn\/wp-content\/uploads\/2023\/01\/\u4e86\u89e3\u90a6\u58eb-4.jpg 550w, https:\/\/es.bonss.com.cn\/wp-content\/uploads\/2023\/01\/\u4e86\u89e3\u90a6\u58eb-4-300x229.jpg 300w\" sizes=\"(max-width: 550px) 100vw, 550px\" \/><\/figure><div class=\"wp-block-media-text__content\">\n<div class=\"wp-block-group is-layout-flow\" style=\"padding-top:2em;padding-right:2em;padding-bottom:2em;padding-left:2em\"><div class=\"wp-block-group__inner-container\">\n<p style=\"font-size:36px;line-height:1.2\"><strong><strong><strong><u><strong>TECNOLOG\u00edA de BONSS<\/strong><\/u><\/strong><\/strong><\/strong><\/p>\n\n\n\n<p><strong>96<\/strong>&nbsp;patentes<\/p>\n\n\n\n<p>M\u00e1s de<strong>&nbsp;15<\/strong>&nbsp;productos maduros y certificados de registro<\/p>\n\n\n\n<p>Lanzamiento y registro continuos de nuevos productos <strong>cada a\u00f1o<\/strong><\/p>\n\n\n\n<p>Obtenci\u00f3n de certificados de registro en m\u00e1s de <strong>15<\/strong>&nbsp;pa\u00edses de todo el mundo<\/p>\n\n\n\n<p>El Sistema Quir\u00fargico de Plasma RF, nuestro producto principal, fue seleccionado como <strong>\u00abProductos de Dispositivos M\u00e9dicos Innovadores\u00bb<\/strong>&nbsp;por cuatro ministerios nacionales en 2018, y gan\u00f3 el <strong>Premio Provincial de Progreso Cient\u00edfico y Tecnol\u00f3gico<\/strong>&nbsp;en 2020.<\/p>\n\n\n\n<p>Nuestros productos son ampliamente utilizados en la cirug\u00eda de ORL, columna vertebral, artroscopia, ortopedia, urolog\u00eda, ginecolog\u00eda. Adem\u00e1s, cada vez m\u00e1s nuevas soluciones como BONSS Surgical Power System, Endoscopic Camera System, tambi\u00e9n son ampliamente elogiadas en los mercados nacionales y extranjeros.<\/p>\n<\/div><\/div>\n<\/div><\/div>\n\n\n\n<div style=\"height:50px\" aria-hidden=\"true\" class=\"wp-block-spacer\"><\/div>\n\n\n\n<p><\/p>\n","protected":false},"excerpt":{"rendered":"","protected":false},"author":1,"featured_media":0,"parent":0,"menu_order":0,"comment_status":"closed","ping_status":"closed","template":"template-parts\/template-page-full-width.php","meta":[],"_links":{"self":[{"href":"https:\/\/es.bonss.com.cn\/index.php\/wp-json\/wp\/v2\/pages\/70"}],"collection":[{"href":"https:\/\/es.bonss.com.cn\/index.php\/wp-json\/wp\/v2\/pages"}],"about":[{"href":"https:\/\/es.bonss.com.cn\/index.php\/wp-json\/wp\/v2\/types\/page"}],"author":[{"embeddable":true,"href":"https:\/\/es.bonss.com.cn\/index.php\/wp-json\/wp\/v2\/users\/1"}],"replies":[{"embeddable":true,"href":"https:\/\/es.bonss.com.cn\/index.php\/wp-json\/wp\/v2\/comments?post=70"}],"version-history":[{"count":84,"href":"https:\/\/es.bonss.com.cn\/index.php\/wp-json\/wp\/v2\/pages\/70\/revisions"}],"predecessor-version":[{"id":1321,"href":"https:\/\/es.bonss.com.cn\/index.php\/wp-json\/wp\/v2\/pages\/70\/revisions\/1321"}],"wp:attachment":[{"href":"https:\/\/es.bonss.com.cn\/index.php\/wp-json\/wp\/v2\/media?parent=70"}],"curies":[{"name":"wp","href":"https:\/\/api.w.org\/{rel}","templated":true}]}}